










{"id":26457,"date":"2021-10-05T11:45:15","date_gmt":"2021-10-05T09:45:15","guid":{"rendered":"https:\/\/hugohaeffner.com\/?page_id=26457"},"modified":"2022-01-27T08:33:35","modified_gmt":"2022-01-27T07:33:35","slug":"azubi-bewerbungsformular","status":"publish","type":"page","link":"https:\/\/drwieland.dev.tma-server.de\/en\/azubi-bewerbungsformular\/","title":{"rendered":"Azubi-Bewerbungsformular"},"content":{"rendered":"\t\t<div data-elementor-type=\"wp-page\" data-elementor-id=\"26457\" class=\"elementor elementor-26457\">\n\t\t\t\t\t\t\t\t\t<section class=\"elementor-section elementor-top-section elementor-element elementor-element-9f37c36 elementor-section-boxed elementor-section-height-default elementor-section-height-default\" data-id=\"9f37c36\" data-element_type=\"section\" data-settings=\"{&quot;jet_parallax_layout_list&quot;:[{&quot;jet_parallax_layout_image&quot;:{&quot;url&quot;:&quot;&quot;,&quot;id&quot;:&quot;&quot;,&quot;size&quot;:&quot;&quot;},&quot;_id&quot;:&quot;0e3d8bb&quot;,&quot;jet_parallax_layout_image_tablet&quot;:{&quot;url&quot;:&quot;&quot;,&quot;id&quot;:&quot;&quot;,&quot;size&quot;:&quot;&quot;},&quot;jet_parallax_layout_image_mobile&quot;:{&quot;url&quot;:&quot;&quot;,&quot;id&quot;:&quot;&quot;,&quot;size&quot;:&quot;&quot;},&quot;jet_parallax_layout_speed&quot;:{&quot;unit&quot;:&quot;%&quot;,&quot;size&quot;:50,&quot;sizes&quot;:[]},&quot;jet_parallax_layout_type&quot;:&quot;scroll&quot;,&quot;jet_parallax_layout_direction&quot;:null,&quot;jet_parallax_layout_fx_direction&quot;:null,&quot;jet_parallax_layout_z_index&quot;:&quot;&quot;,&quot;jet_parallax_layout_bg_x&quot;:50,&quot;jet_parallax_layout_bg_x_tablet&quot;:&quot;&quot;,&quot;jet_parallax_layout_bg_x_mobile&quot;:&quot;&quot;,&quot;jet_parallax_layout_bg_y&quot;:50,&quot;jet_parallax_layout_bg_y_tablet&quot;:&quot;&quot;,&quot;jet_parallax_layout_bg_y_mobile&quot;:&quot;&quot;,&quot;jet_parallax_layout_bg_size&quot;:&quot;auto&quot;,&quot;jet_parallax_layout_bg_size_tablet&quot;:&quot;&quot;,&quot;jet_parallax_layout_bg_size_mobile&quot;:&quot;&quot;,&quot;jet_parallax_layout_animation_prop&quot;:&quot;transform&quot;,&quot;jet_parallax_layout_on&quot;:[&quot;desktop&quot;,&quot;tablet&quot;]}]}\">\n\t\t\t\t\t\t<div class=\"elementor-container elementor-column-gap-default\">\n\t\t\t\t\t<div class=\"elementor-column elementor-col-100 elementor-top-column elementor-element elementor-element-b0be5c4\" data-id=\"b0be5c4\" data-element_type=\"column\">\n\t\t\t<div class=\"elementor-widget-wrap elementor-element-populated\">\n\t\t\t\t\t\t\t\t<div class=\"elementor-element elementor-element-0cd9a48 elementor-widget elementor-widget-text-editor\" data-id=\"0cd9a48\" data-element_type=\"widget\" data-widget_type=\"text-editor.default\">\n\t\t\t\t<div class=\"elementor-widget-container\">\n\t\t\t\t\t\t\t<h3><strong><span style=\"color: #23a455;\">Bist Du bereit f\u00fcr einen zukunftsorientierten und abwechslungsreichen Einstieg ins Berufsleben? &#8211; Dann bewirb Dich jetzt \u00fcber unser Online-Bewerbungsformular!<\/span><\/strong><\/h3>\t\t\t\t\t\t<\/div>\n\t\t\t\t<\/div>\n\t\t\t\t\t<\/div>\n\t\t<\/div>\n\t\t\t\t\t\t\t<\/div>\n\t\t<\/section>\n\t\t\t\t<section class=\"elementor-section elementor-top-section elementor-element elementor-element-ef17c99 elementor-section-boxed elementor-section-height-default elementor-section-height-default\" data-id=\"ef17c99\" data-element_type=\"section\" data-settings=\"{&quot;jet_parallax_layout_list&quot;:[{&quot;jet_parallax_layout_image&quot;:{&quot;url&quot;:&quot;&quot;,&quot;id&quot;:&quot;&quot;,&quot;size&quot;:&quot;&quot;},&quot;_id&quot;:&quot;ae38433&quot;,&quot;jet_parallax_layout_image_tablet&quot;:{&quot;url&quot;:&quot;&quot;,&quot;id&quot;:&quot;&quot;,&quot;size&quot;:&quot;&quot;},&quot;jet_parallax_layout_image_mobile&quot;:{&quot;url&quot;:&quot;&quot;,&quot;id&quot;:&quot;&quot;,&quot;size&quot;:&quot;&quot;},&quot;jet_parallax_layout_speed&quot;:{&quot;unit&quot;:&quot;%&quot;,&quot;size&quot;:50,&quot;sizes&quot;:[]},&quot;jet_parallax_layout_type&quot;:&quot;scroll&quot;,&quot;jet_parallax_layout_direction&quot;:null,&quot;jet_parallax_layout_fx_direction&quot;:null,&quot;jet_parallax_layout_z_index&quot;:&quot;&quot;,&quot;jet_parallax_layout_bg_x&quot;:50,&quot;jet_parallax_layout_bg_x_tablet&quot;:&quot;&quot;,&quot;jet_parallax_layout_bg_x_mobile&quot;:&quot;&quot;,&quot;jet_parallax_layout_bg_y&quot;:50,&quot;jet_parallax_layout_bg_y_tablet&quot;:&quot;&quot;,&quot;jet_parallax_layout_bg_y_mobile&quot;:&quot;&quot;,&quot;jet_parallax_layout_bg_size&quot;:&quot;auto&quot;,&quot;jet_parallax_layout_bg_size_tablet&quot;:&quot;&quot;,&quot;jet_parallax_layout_bg_size_mobile&quot;:&quot;&quot;,&quot;jet_parallax_layout_animation_prop&quot;:&quot;transform&quot;,&quot;jet_parallax_layout_on&quot;:[&quot;desktop&quot;,&quot;tablet&quot;]}]}\">\n\t\t\t\t\t\t<div class=\"elementor-container elementor-column-gap-default\">\n\t\t\t\t\t<div class=\"elementor-column elementor-col-100 elementor-top-column elementor-element elementor-element-4a5fde1\" data-id=\"4a5fde1\" data-element_type=\"column\">\n\t\t\t<div class=\"elementor-widget-wrap elementor-element-populated\">\n\t\t\t\t\t\t\t\t<div class=\"elementor-element elementor-element-2132b78 elementor-button-align-stretch elementor-widget elementor-widget-form\" data-id=\"2132b78\" data-element_type=\"widget\" data-settings=\"{&quot;step_next_label&quot;:&quot;N\\u00e4chster&quot;,&quot;step_previous_label&quot;:&quot;Voriger&quot;,&quot;button_width&quot;:&quot;33&quot;,&quot;step_type&quot;:&quot;number_text&quot;,&quot;step_icon_shape&quot;:&quot;circle&quot;}\" data-widget_type=\"form.default\">\n\t\t\t\t<div class=\"elementor-widget-container\">\n\t\t\t\t\t<form class=\"elementor-form\" method=\"post\" name=\"Neues Formular\">\n\t\t\t<input type=\"hidden\" name=\"post_id\" value=\"26457\"\/>\n\t\t\t<input type=\"hidden\" name=\"form_id\" value=\"2132b78\"\/>\n\t\t\t<input type=\"hidden\" name=\"referer_title\" value=\"Dr. Wieland\" \/>\n\n\t\t\t\n\t\t\t<div class=\"elementor-form-fields-wrapper elementor-labels-above\">\n\t\t\t\t\t\t\t\t<div class=\"elementor-field-type-select elementor-field-group elementor-column elementor-field-group-field_edc8363 elementor-col-60 elementor-field-required elementor-mark-required\">\n\t\t\t\t\t\t\t\t\t\t\t\t<label for=\"form-field-field_edc8363\" class=\"elementor-field-label\">\n\t\t\t\t\t\t\t\tAnrede\t\t\t\t\t\t\t<\/label>\n\t\t\t\t\t\t\t\t<div class=\"elementor-field elementor-select-wrapper \">\n\t\t\t<select name=\"form_fields[field_edc8363]\" id=\"form-field-field_edc8363\" class=\"elementor-field-textual elementor-size-sm\" required=\"required\" aria-required=\"true\">\n\t\t\t\t\t\t\t\t\t<option value=\"Frau \">Frau <\/option>\n\t\t\t\t\t\t\t\t\t<option value=\"Herr\">Herr<\/option>\n\t\t\t\t\t\t\t\t\t<option value=\"Keine Anrede\">Keine Anrede<\/option>\n\t\t\t\t\t\t\t<\/select>\n\t\t<\/div>\n\t\t\t\t\t\t<\/div>\n\t\t\t\t\t\t\t\t<div class=\"elementor-field-type-text elementor-field-group elementor-column elementor-field-group-name elementor-col-50 elementor-field-required elementor-mark-required\">\n\t\t\t\t\t\t\t\t\t\t\t\t<label for=\"form-field-name\" class=\"elementor-field-label\">\n\t\t\t\t\t\t\t\tName\t\t\t\t\t\t\t<\/label>\n\t\t\t\t\t\t\t\t\t\t\t\t\t\t<input size=\"1\" type=\"text\" name=\"form_fields[name]\" id=\"form-field-name\" class=\"elementor-field elementor-size-sm  elementor-field-textual\" placeholder=\"Name\" required=\"required\" aria-required=\"true\">\n\t\t\t\t\t\t\t\t\t\t\t<\/div>\n\t\t\t\t\t\t\t\t<div class=\"elementor-field-type-text elementor-field-group elementor-column elementor-field-group-field_0ba4659 elementor-col-50 elementor-field-required elementor-mark-required\">\n\t\t\t\t\t\t\t\t\t\t\t\t<label for=\"form-field-field_0ba4659\" class=\"elementor-field-label\">\n\t\t\t\t\t\t\t\tVorname\t\t\t\t\t\t\t<\/label>\n\t\t\t\t\t\t\t\t\t\t\t\t\t\t<input size=\"1\" type=\"text\" name=\"form_fields[field_0ba4659]\" id=\"form-field-field_0ba4659\" class=\"elementor-field elementor-size-sm  elementor-field-textual\" placeholder=\"Vorname\" required=\"required\" aria-required=\"true\">\n\t\t\t\t\t\t\t\t\t\t\t<\/div>\n\t\t\t\t\t\t\t\t<div class=\"elementor-field-type-text elementor-field-group elementor-column elementor-field-group-field_e1f834f elementor-col-70 elementor-field-required elementor-mark-required\">\n\t\t\t\t\t\t\t\t\t\t\t\t<label for=\"form-field-field_e1f834f\" class=\"elementor-field-label\">\n\t\t\t\t\t\t\t\tStra\u00dfe \t\t\t\t\t\t\t<\/label>\n\t\t\t\t\t\t\t\t\t\t\t\t\t\t<input size=\"1\" type=\"text\" name=\"form_fields[field_e1f834f]\" id=\"form-field-field_e1f834f\" class=\"elementor-field elementor-size-sm  elementor-field-textual\" placeholder=\"Stra\u00dfe\" required=\"required\" aria-required=\"true\">\n\t\t\t\t\t\t\t\t\t\t\t<\/div>\n\t\t\t\t\t\t\t\t<div class=\"elementor-field-type-number elementor-field-group elementor-column elementor-field-group-field_783b57e elementor-col-30 elementor-field-required elementor-mark-required\">\n\t\t\t\t\t\t\t\t\t\t\t\t<label for=\"form-field-field_783b57e\" class=\"elementor-field-label\">\n\t\t\t\t\t\t\t\tHausnummer\t\t\t\t\t\t\t<\/label>\n\t\t\t\t\t\t\t\t\t<input type=\"number\" name=\"form_fields[field_783b57e]\" id=\"form-field-field_783b57e\" class=\"elementor-field elementor-size-sm  elementor-field-textual\" placeholder=\"Hausnummer\" required=\"required\" aria-required=\"true\" min=\"0\" max=\"\" >\n\t\t\t\t\t\t<\/div>\n\t\t\t\t\t\t\t\t<div class=\"elementor-field-type-number elementor-field-group elementor-column elementor-field-group-field_14ec811 elementor-col-30 elementor-field-required elementor-mark-required\">\n\t\t\t\t\t\t\t\t\t\t\t\t<label for=\"form-field-field_14ec811\" class=\"elementor-field-label\">\n\t\t\t\t\t\t\t\tPLZ\t\t\t\t\t\t\t<\/label>\n\t\t\t\t\t\t\t\t\t<input type=\"number\" name=\"form_fields[field_14ec811]\" id=\"form-field-field_14ec811\" class=\"elementor-field elementor-size-sm  elementor-field-textual\" placeholder=\"PLZ\" required=\"required\" aria-required=\"true\" min=\"0\" max=\"\" >\n\t\t\t\t\t\t<\/div>\n\t\t\t\t\t\t\t\t<div class=\"elementor-field-type-text elementor-field-group elementor-column elementor-field-group-field_006368b elementor-col-70 elementor-field-required elementor-mark-required\">\n\t\t\t\t\t\t\t\t\t\t\t\t<label for=\"form-field-field_006368b\" class=\"elementor-field-label\">\n\t\t\t\t\t\t\t\tOrt\t\t\t\t\t\t\t<\/label>\n\t\t\t\t\t\t\t\t\t\t\t\t\t\t<input size=\"1\" type=\"text\" name=\"form_fields[field_006368b]\" id=\"form-field-field_006368b\" class=\"elementor-field elementor-size-sm  elementor-field-textual\" placeholder=\"Ort\" required=\"required\" aria-required=\"true\">\n\t\t\t\t\t\t\t\t\t\t\t<\/div>\n\t\t\t\t\t\t\t\t<div class=\"elementor-field-type-email elementor-field-group elementor-column elementor-field-group-email elementor-col-100 elementor-field-required elementor-mark-required\">\n\t\t\t\t\t\t\t\t\t\t\t\t<label for=\"form-field-email\" class=\"elementor-field-label\">\n\t\t\t\t\t\t\t\tE-Mail\t\t\t\t\t\t\t<\/label>\n\t\t\t\t\t\t\t\t\t\t\t\t\t\t<input size=\"1\" type=\"email\" name=\"form_fields[email]\" id=\"form-field-email\" class=\"elementor-field elementor-size-sm  elementor-field-textual\" placeholder=\"E-Mail\" required=\"required\" aria-required=\"true\">\n\t\t\t\t\t\t\t\t\t\t\t<\/div>\n\t\t\t\t\t\t\t\t<div class=\"elementor-field-type-select elementor-field-group elementor-column elementor-field-group-field_2586629 elementor-col-100 elementor-field-required elementor-mark-required\">\n\t\t\t\t\t\t\t\t\t\t\t\t<label for=\"form-field-field_2586629\" class=\"elementor-field-label\">\n\t\t\t\t\t\t\t\tAusbildungsberuf\t\t\t\t\t\t\t<\/label>\n\t\t\t\t\t\t\t\t<div class=\"elementor-field elementor-select-wrapper \">\n\t\t\t<select name=\"form_fields[field_2586629]\" id=\"form-field-field_2586629\" class=\"elementor-field-textual elementor-size-sm\" required=\"required\" aria-required=\"true\">\n\t\t\t\t\t\t\t\t\t<option value=\"Fachkraft f\u00fcr Lagerlogistik (m\/w\/d)\">Fachkraft f\u00fcr Lagerlogistik (m\/w\/d)<\/option>\n\t\t\t\t\t\t\t\t\t<option value=\"Kaufleute f\u00fcr Gro\u00df- und Au\u00dfenhandelsmanagement (m\/w\/d)\">Kaufleute f\u00fcr Gro\u00df- und Au\u00dfenhandelsmanagement (m\/w\/d)<\/option>\n\t\t\t\t\t\t\t\t\t<option value=\"Abiturientenprogramm Handelsfachwirt\/-in (m\/w\/d)\">Abiturientenprogramm Handelsfachwirt\/-in (m\/w\/d)<\/option>\n\t\t\t\t\t\t\t<\/select>\n\t\t<\/div>\n\t\t\t\t\t\t<\/div>\n\t\t\t\t\t\t\t\t<div class=\"elementor-field-type-upload elementor-field-group elementor-column elementor-field-group-field_fcc1cb4 elementor-col-100 elementor-field-required elementor-mark-required\">\n\t\t\t\t\t\t\t\t\t\t\t\t<label for=\"form-field-field_fcc1cb4\" class=\"elementor-field-label\">\n\t\t\t\t\t\t\t\tAnschreiben (pdf)\t\t\t\t\t\t\t<\/label>\n\t\t\t\t\t\t\t\t<input type=\"file\" name=\"form_fields[field_fcc1cb4]\" id=\"form-field-field_fcc1cb4\" class=\"elementor-field elementor-size-sm  elementor-upload-field\" required=\"required\" aria-required=\"true\">\n\n\t\t\t\t\t\t<\/div>\n\t\t\t\t\t\t\t\t<div class=\"elementor-field-type-upload elementor-field-group elementor-column elementor-field-group-field_d672cbd elementor-col-100 elementor-field-required elementor-mark-required\">\n\t\t\t\t\t\t\t\t\t\t\t\t<label for=\"form-field-field_d672cbd\" class=\"elementor-field-label\">\n\t\t\t\t\t\t\t\tLebenslauf (pdf)\t\t\t\t\t\t\t<\/label>\n\t\t\t\t\t\t\t\t<input type=\"file\" name=\"form_fields[field_d672cbd]\" id=\"form-field-field_d672cbd\" class=\"elementor-field elementor-size-sm  elementor-upload-field\" required=\"required\" aria-required=\"true\">\n\n\t\t\t\t\t\t<\/div>\n\t\t\t\t\t\t\t\t<div class=\"elementor-field-type-upload elementor-field-group elementor-column elementor-field-group-field_2e2db60 elementor-col-100 elementor-field-required elementor-mark-required\">\n\t\t\t\t\t\t\t\t\t\t\t\t<label for=\"form-field-field_2e2db60\" class=\"elementor-field-label\">\n\t\t\t\t\t\t\t\tZeugnisse (pdf)\t\t\t\t\t\t\t<\/label>\n\t\t\t\t\t\t\t\t<input type=\"file\" name=\"form_fields[field_2e2db60][]\" id=\"form-field-field_2e2db60\" class=\"elementor-field elementor-size-sm  elementor-upload-field\" required=\"required\" aria-required=\"true\" multiple=\"multiple\">\n\n\t\t\t\t\t\t<\/div>\n\t\t\t\t\t\t\t\t<div class=\"elementor-field-type-select elementor-field-group elementor-column elementor-field-group-field_86659a4 elementor-col-100\">\n\t\t\t\t\t\t\t\t\t\t\t\t<label for=\"form-field-field_86659a4\" class=\"elementor-field-label\">\n\t\t\t\t\t\t\t\tWor\u00fcber hast Du von H\u00e4ffner erfahren?\t\t\t\t\t\t\t<\/label>\n\t\t\t\t\t\t\t\t<div class=\"elementor-field elementor-select-wrapper \">\n\t\t\t<select name=\"form_fields[field_86659a4]\" id=\"form-field-field_86659a4\" class=\"elementor-field-textual elementor-size-sm\">\n\t\t\t\t\t\t\t\t\t<option value=\"Soziale Netzwerke\">Soziale Netzwerke<\/option>\n\t\t\t\t\t\t\t\t\t<option value=\"Zeitung\">Zeitung<\/option>\n\t\t\t\t\t\t\t\t\t<option value=\"AZUBIYO\">AZUBIYO<\/option>\n\t\t\t\t\t\t\t\t\t<option value=\"Freunde\/Bekannte\">Freunde\/Bekannte<\/option>\n\t\t\t\t\t\t\t\t\t<option value=\"Jobportal\">Jobportal<\/option>\n\t\t\t\t\t\t\t\t\t<option value=\"Sonstige\">Sonstige<\/option>\n\t\t\t\t\t\t\t<\/select>\n\t\t<\/div>\n\t\t\t\t\t\t<\/div>\n\t\t\t\t\t\t\t\t<div class=\"elementor-field-type-acceptance elementor-field-group elementor-column elementor-field-group-field_7252bf5 elementor-col-100 elementor-field-required elementor-mark-required\">\n\t\t\t\t\t\t\t\t\t\t\t\t<label for=\"form-field-field_7252bf5\" class=\"elementor-field-label\">\n\t\t\t\t\t\t\t\tPflichtangabe\t\t\t\t\t\t\t<\/label>\n\t\t\t\t\t\t\t\t<div class=\"elementor-field-subgroup\">\n\t\t\t<span class=\"elementor-field-option\">\n\t\t\t\t<input type=\"checkbox\" name=\"form_fields[field_7252bf5]\" id=\"form-field-field_7252bf5\" class=\"elementor-field elementor-size-sm  elementor-acceptance-field\" required=\"required\" aria-required=\"true\">\n\t\t\t\t<label for=\"form-field-field_7252bf5\"><span class=\"checkbox_label\">Einverst\u00e4ndnis zur Datenverarbeitung<\/span>\n<p>Mit dem Absenden des Formulars werden meine angegebenen Daten zum Zwecke der Bearbeitung der Anfrage(n) durch die H\u00e4ffner GmbH & Co. KG verarbeitet. Informationen, wie wir mit Ihren Daten umgehen, finden Sie in unserer <a href= \"\/..\/\/datenschutzerklaerung\/\">Datenschutzerkl\u00e4rung<\/a>.<p><\/label>\t\t\t<\/span>\n\t\t<\/div>\n\t\t\t\t\t\t<\/div>\n\t\t\t\t\t\t\t\t<div class=\"elementor-field-group elementor-column elementor-field-type-submit elementor-col-33 e-form__buttons\">\n\t\t\t\t\t<button type=\"submit\" class=\"elementor-button elementor-size-lg\">\n\t\t\t\t\t\t<span >\n\t\t\t\t\t\t\t\t\t\t\t\t\t\t\t<span class=\"elementor-align-icon-left elementor-button-icon\">\n\t\t\t\t\t\t\t\t\t<i aria-hidden=\"true\" class=\"fas fa-paper-plane\"><\/i>\t\t\t\t\t\t\t\t\t\t\t\t\t\t\t\t\t<\/span>\n\t\t\t\t\t\t\t\t\t\t\t\t\t\t\t\t\t\t\t\t\t\t<span class=\"elementor-button-text\">Jetzt bewerben!<\/span>\n\t\t\t\t\t\t\t\t\t\t\t\t\t<\/span>\n\t\t\t\t\t<\/button>\n\t\t\t\t<\/div>\n\t\t\t<\/div>\n\t\t<\/form>\n\t\t\t\t<\/div>\n\t\t\t\t<\/div>\n\t\t\t\t\t<\/div>\n\t\t<\/div>\n\t\t\t\t\t\t\t<\/div>\n\t\t<\/section>\n\t\t\t\t\t\t\t<\/div>\n\t\t","protected":false},"excerpt":{"rendered":"<p>Bist Du bereit f\u00fcr einen zukunftsorientierten und abwechslungsreichen Einstieg ins Berufsleben? &#8211; Dann bewirb Dich jetzt \u00fcber unser Online-Bewerbungsformular!<\/p>\n","protected":false},"author":10,"featured_media":0,"parent":0,"menu_order":0,"comment_status":"closed","ping_status":"closed","template":"","meta":{"_monsterinsights_skip_tracking":false,"_monsterinsights_sitenote_active":false,"_monsterinsights_sitenote_note":"","_monsterinsights_sitenote_category":0},"acf":[],"yoast_head":"<!-- This site is optimized with the Yoast SEO Premium plugin v18.4 (Yoast SEO v19.13) - https:\/\/yoast.com\/wordpress\/plugins\/seo\/ -->\n<title>Azubi-Bewerbungsformular - Dr. Wieland<\/title>\n<meta name=\"robots\" content=\"noindex, follow, max-snippet:-1, max-image-preview:large, max-video-preview:-1\" \/>\n<meta property=\"og:locale\" content=\"en_US\" \/>\n<meta property=\"og:type\" content=\"article\" \/>\n<meta property=\"og:title\" content=\"Azubi-Bewerbungsformular\" \/>\n<meta property=\"og:description\" content=\"Bist Du bereit f\u00fcr einen zukunftsorientierten und abwechslungsreichen Einstieg ins Berufsleben? &#8211; Dann bewirb Dich jetzt \u00fcber unser Online-Bewerbungsformular!\" \/>\n<meta property=\"og:url\" content=\"https:\/\/drwieland.dev.tma-server.de\/en\/azubi-bewerbungsformular\/\" \/>\n<meta property=\"og:site_name\" content=\"Dr. Wieland\" \/>\n<meta property=\"article:modified_time\" content=\"2022-01-27T07:33:35+00:00\" \/>\n<meta name=\"twitter:card\" content=\"summary_large_image\" \/>\n<meta name=\"twitter:label1\" content=\"Est. reading time\" \/>\n\t<meta name=\"twitter:data1\" content=\"1 minute\" \/>\n<script type=\"application\/ld+json\" class=\"yoast-schema-graph\">{\"@context\":\"https:\/\/schema.org\",\"@graph\":[{\"@type\":\"WebPage\",\"@id\":\"https:\/\/drwieland.dev.tma-server.de\/en\/azubi-bewerbungsformular\/\",\"url\":\"https:\/\/drwieland.dev.tma-server.de\/en\/azubi-bewerbungsformular\/\",\"name\":\"Azubi-Bewerbungsformular - Dr. Wieland\",\"isPartOf\":{\"@id\":\"https:\/\/drwieland.dev.tma-server.de\/#website\"},\"datePublished\":\"2021-10-05T09:45:15+00:00\",\"dateModified\":\"2022-01-27T07:33:35+00:00\",\"breadcrumb\":{\"@id\":\"https:\/\/drwieland.dev.tma-server.de\/en\/azubi-bewerbungsformular\/#breadcrumb\"},\"inLanguage\":\"en-US\",\"potentialAction\":[{\"@type\":\"ReadAction\",\"target\":[\"https:\/\/drwieland.dev.tma-server.de\/en\/azubi-bewerbungsformular\/\"]}]},{\"@type\":\"BreadcrumbList\",\"@id\":\"https:\/\/drwieland.dev.tma-server.de\/en\/azubi-bewerbungsformular\/#breadcrumb\",\"itemListElement\":[{\"@type\":\"ListItem\",\"position\":1,\"name\":\"Startseite\",\"item\":\"https:\/\/drwieland.dev.tma-server.de\/en\/\"},{\"@type\":\"ListItem\",\"position\":2,\"name\":\"Azubi-Bewerbungsformular\"}]},{\"@type\":\"WebSite\",\"@id\":\"https:\/\/drwieland.dev.tma-server.de\/#website\",\"url\":\"https:\/\/drwieland.dev.tma-server.de\/\",\"name\":\"Dr. Wieland\",\"description\":\"Einzigartig in Service und Leistung!\",\"publisher\":{\"@id\":\"https:\/\/drwieland.dev.tma-server.de\/#organization\"},\"potentialAction\":[{\"@type\":\"SearchAction\",\"target\":{\"@type\":\"EntryPoint\",\"urlTemplate\":\"https:\/\/drwieland.dev.tma-server.de\/?s={search_term_string}\"},\"query-input\":\"required name=search_term_string\"}],\"inLanguage\":\"en-US\"},{\"@type\":\"Organization\",\"@id\":\"https:\/\/drwieland.dev.tma-server.de\/#organization\",\"name\":\"H\u00e4ffner GmbH & Co. KG\",\"url\":\"https:\/\/drwieland.dev.tma-server.de\/\",\"logo\":{\"@type\":\"ImageObject\",\"inLanguage\":\"en-US\",\"@id\":\"https:\/\/drwieland.dev.tma-server.de\/#\/schema\/logo\/image\/\",\"url\":\"https:\/\/drwieland.dev.tma-server.de\/wp-content\/uploads\/2019\/07\/header_logo.png\",\"contentUrl\":\"https:\/\/drwieland.dev.tma-server.de\/wp-content\/uploads\/2019\/07\/header_logo.png\",\"width\":538,\"height\":229,\"caption\":\"H\u00e4ffner GmbH & Co. KG\"},\"image\":{\"@id\":\"https:\/\/drwieland.dev.tma-server.de\/#\/schema\/logo\/image\/\"}}]}<\/script>\n<!-- \/ Yoast SEO Premium plugin. -->","yoast_head_json":{"title":"Azubi-Bewerbungsformular - Dr. Wieland","robots":{"index":"noindex","follow":"follow","max-snippet":"max-snippet:-1","max-image-preview":"max-image-preview:large","max-video-preview":"max-video-preview:-1"},"og_locale":"en_US","og_type":"article","og_title":"Azubi-Bewerbungsformular","og_description":"Bist Du bereit f\u00fcr einen zukunftsorientierten und abwechslungsreichen Einstieg ins Berufsleben? &#8211; Dann bewirb Dich jetzt \u00fcber unser Online-Bewerbungsformular!","og_url":"https:\/\/drwieland.dev.tma-server.de\/en\/azubi-bewerbungsformular\/","og_site_name":"Dr. Wieland","article_modified_time":"2022-01-27T07:33:35+00:00","twitter_card":"summary_large_image","twitter_misc":{"Est. reading time":"1 minute"},"schema":{"@context":"https:\/\/schema.org","@graph":[{"@type":"WebPage","@id":"https:\/\/drwieland.dev.tma-server.de\/en\/azubi-bewerbungsformular\/","url":"https:\/\/drwieland.dev.tma-server.de\/en\/azubi-bewerbungsformular\/","name":"Azubi-Bewerbungsformular - Dr. Wieland","isPartOf":{"@id":"https:\/\/drwieland.dev.tma-server.de\/#website"},"datePublished":"2021-10-05T09:45:15+00:00","dateModified":"2022-01-27T07:33:35+00:00","breadcrumb":{"@id":"https:\/\/drwieland.dev.tma-server.de\/en\/azubi-bewerbungsformular\/#breadcrumb"},"inLanguage":"en-US","potentialAction":[{"@type":"ReadAction","target":["https:\/\/drwieland.dev.tma-server.de\/en\/azubi-bewerbungsformular\/"]}]},{"@type":"BreadcrumbList","@id":"https:\/\/drwieland.dev.tma-server.de\/en\/azubi-bewerbungsformular\/#breadcrumb","itemListElement":[{"@type":"ListItem","position":1,"name":"Startseite","item":"https:\/\/drwieland.dev.tma-server.de\/en\/"},{"@type":"ListItem","position":2,"name":"Azubi-Bewerbungsformular"}]},{"@type":"WebSite","@id":"https:\/\/drwieland.dev.tma-server.de\/#website","url":"https:\/\/drwieland.dev.tma-server.de\/","name":"Dr. Wieland","description":"Einzigartig in Service und Leistung!","publisher":{"@id":"https:\/\/drwieland.dev.tma-server.de\/#organization"},"potentialAction":[{"@type":"SearchAction","target":{"@type":"EntryPoint","urlTemplate":"https:\/\/drwieland.dev.tma-server.de\/?s={search_term_string}"},"query-input":"required name=search_term_string"}],"inLanguage":"en-US"},{"@type":"Organization","@id":"https:\/\/drwieland.dev.tma-server.de\/#organization","name":"H\u00e4ffner GmbH & Co. KG","url":"https:\/\/drwieland.dev.tma-server.de\/","logo":{"@type":"ImageObject","inLanguage":"en-US","@id":"https:\/\/drwieland.dev.tma-server.de\/#\/schema\/logo\/image\/","url":"https:\/\/drwieland.dev.tma-server.de\/wp-content\/uploads\/2019\/07\/header_logo.png","contentUrl":"https:\/\/drwieland.dev.tma-server.de\/wp-content\/uploads\/2019\/07\/header_logo.png","width":538,"height":229,"caption":"H\u00e4ffner GmbH & Co. KG"},"image":{"@id":"https:\/\/drwieland.dev.tma-server.de\/#\/schema\/logo\/image\/"}}]}},"_links":{"self":[{"href":"https:\/\/drwieland.dev.tma-server.de\/en\/wp-json\/wp\/v2\/pages\/26457"}],"collection":[{"href":"https:\/\/drwieland.dev.tma-server.de\/en\/wp-json\/wp\/v2\/pages"}],"about":[{"href":"https:\/\/drwieland.dev.tma-server.de\/en\/wp-json\/wp\/v2\/types\/page"}],"author":[{"embeddable":true,"href":"https:\/\/drwieland.dev.tma-server.de\/en\/wp-json\/wp\/v2\/users\/10"}],"replies":[{"embeddable":true,"href":"https:\/\/drwieland.dev.tma-server.de\/en\/wp-json\/wp\/v2\/comments?post=26457"}],"version-history":[{"count":36,"href":"https:\/\/drwieland.dev.tma-server.de\/en\/wp-json\/wp\/v2\/pages\/26457\/revisions"}],"predecessor-version":[{"id":27341,"href":"https:\/\/drwieland.dev.tma-server.de\/en\/wp-json\/wp\/v2\/pages\/26457\/revisions\/27341"}],"wp:attachment":[{"href":"https:\/\/drwieland.dev.tma-server.de\/en\/wp-json\/wp\/v2\/media?parent=26457"}],"curies":[{"name":"wp","href":"https:\/\/api.w.org\/{rel}","templated":true}]}}